{"id":949,"date":"2020-06-04T07:23:55","date_gmt":"2020-06-04T05:23:55","guid":{"rendered":"https:\/\/pergolese.de\/%eb%ac%b8%ec%9d%98%ed%95%98%ea%b8%b0\/"},"modified":"2025-01-06T09:44:12","modified_gmt":"2025-01-06T08:44:12","slug":"%eb%ac%b8%ec%9d%98%ed%95%98%ea%b8%b0","status":"publish","type":"page","link":"https:\/\/pergolese.de\/ko\/%eb%ac%b8%ec%9d%98%ed%95%98%ea%b8%b0\/","title":{"rendered":"\ubb38\uc758\ud558\uae30"},"content":{"rendered":"\n<p><\/p>\n\n\n\n<p><h1>OIL YOU NEED&#8230;<\/h1>\r<br><h4>WIR FREUEN UNS AUF DICH!<\/h4><br>no-repeat;left top;;<br>auto<br><br>Home of Oil<br>h4<br>PERGOLESE\u00ae\r<br>Gie\u00dfenbachstra\u00dfe 2\r<br>83022 Rosenheim\r<br>Germany<br>icon-location<br>left<br><br>Oil-Hotline<br>h4<br><a href=\"tel:+49 8031 408168-0\">+49 8031 408168-0\r<br><\/a><br>icon-phone<br>left<br><br>Oil-Post<br>h4<br><a href=\"mailto:info@pergolese.de\">info@pergolese.de<\/a><br>icon-mail<br>left<br><br><h3>FRAGEN AN DAS PERGOLESE-TEAM?<\/h3><br>no-repeat;left top;;<br>auto<br>40px<br><br><p class=\"wpcf7-contact-form-not-found\"><strong>\uc624\ub958:<\/strong> \ubb38\uc758 \uc591\uc2dd\uc744 \ucc3e\uc744 \uc218 \uc5c6\uc2b5\ub2c8\ub2e4.<\/p>\r<br>Ich habe die Datenschutzerkl\u00e4rung zur Kenntnis genommen.Hinweis: Du kannst Deine Einwilligung jederzeit f\u00fcr die Zukunft per Mail an info@pergolese.de widerrufen. Unsere Datenschutzerkl\u00e4rung findest Du <a href=\"\/datenschutzerklaerung\">hier<\/a>.<br>no-repeat;left top;;<br>auto<br>0 3% 0 0<br><br><\/p>\n","protected":false},"excerpt":{"rendered":"<p>OIL YOU NEED&#8230; WIR FREUEN UNS AUF DICH! no-repeat;left top;;auto Home of Oilh4PERGOLESE\u00ae Gie\u00dfenbachstra\u00dfe 2 83022 Rosenheim Germanyicon-locationleft Oil-Hotlineh4+49 8031 408168-0 icon-phoneleft Oil-Posth4info@pergolese.deicon-mailleft FRAGEN AN DAS<span class=\"excerpt-hellip\"> [\u2026]<\/span><\/p>\n","protected":false},"author":1,"featured_media":0,"parent":0,"menu_order":0,"comment_status":"closed","ping_status":"closed","template":"","meta":{"footnotes":""},"class_list":["post-949","page","type-page","status-publish","hentry"],"yoast_head":"<!-- This site is optimized with the Yoast SEO plugin v27.3 - https:\/\/yoast.com\/product\/yoast-seo-wordpress\/ -->\n<title>\ucd5c\uace0\uc758 \uc62c\ub9ac\ube0c \uc624\uc77c\uc744 \ub9cc\ub098\ubcf4\uc138\uc694. \uc5b8\uc81c\ub4e0\uc9c0 \ubb38\uc758\ud574 \uc8fc\uc138\uc694.<\/title>\n<meta name=\"description\" content=\"&quot;\uae30\ub984\uc758 \uace0\ud5a5&quot;\uc73c\ub85c \uac00\ub294 \uae38. \uc5ec\ub7ec\ubd84\uc758 \uc758\uacac\uc744 \uae30\ub2e4\ub9ac\uaca0\uc2b5\ub2c8\ub2e4! \uc8fc\ubb38, \ucd94\uac00 \uac1c\ubc1c, \ud310\ub9e4 \ubaa8\ub450 \uac00\ub2a5\ud569\ub2c8\ub2e4.\" \/>\n<meta name=\"robots\" content=\"index, follow, max-snippet:-1, max-image-preview:large, max-video-preview:-1\" \/>\n<link rel=\"canonical\" href=\"https:\/\/pergolese.de\/ko\/\ubb38\uc758\ud558\uae30\/\" \/>\n<meta property=\"og:locale\" content=\"ko_KR\" \/>\n<meta property=\"og:type\" content=\"article\" \/>\n<meta property=\"og:title\" content=\"\ucd5c\uace0\uc758 \uc62c\ub9ac\ube0c \uc624\uc77c\uc744 \ub9cc\ub098\ubcf4\uc138\uc694. \uc5b8\uc81c\ub4e0\uc9c0 \ubb38\uc758\ud574 \uc8fc\uc138\uc694.\" \/>\n<meta property=\"og:description\" content=\"&quot;\uae30\ub984\uc758 \uace0\ud5a5&quot;\uc73c\ub85c \uac00\ub294 \uae38. \uc5ec\ub7ec\ubd84\uc758 \uc758\uacac\uc744 \uae30\ub2e4\ub9ac\uaca0\uc2b5\ub2c8\ub2e4! \uc8fc\ubb38, \ucd94\uac00 \uac1c\ubc1c, \ud310\ub9e4 \ubaa8\ub450 \uac00\ub2a5\ud569\ub2c8\ub2e4.\" \/>\n<meta property=\"og:url\" content=\"https:\/\/pergolese.de\/ko\/\ubb38\uc758\ud558\uae30\/\" \/>\n<meta property=\"og:site_name\" content=\"PERGOLESE | Oliven\u00f6l\" \/>\n<meta property=\"article:modified_time\" content=\"2025-01-06T08:44:12+00:00\" \/>\n<meta name=\"twitter:card\" content=\"summary_large_image\" \/>\n<script type=\"application\/ld+json\" class=\"yoast-schema-graph\">{\"@context\":\"https:\\\/\\\/schema.org\",\"@graph\":[{\"@type\":\"WebPage\",\"@id\":\"https:\\\/\\\/pergolese.de\\\/ko\\\/%eb%ac%b8%ec%9d%98%ed%95%98%ea%b8%b0\\\/\",\"url\":\"https:\\\/\\\/pergolese.de\\\/ko\\\/%eb%ac%b8%ec%9d%98%ed%95%98%ea%b8%b0\\\/\",\"name\":\"\ucd5c\uace0\uc758 \uc62c\ub9ac\ube0c \uc624\uc77c\uc744 \ub9cc\ub098\ubcf4\uc138\uc694. \uc5b8\uc81c\ub4e0\uc9c0 \ubb38\uc758\ud574 \uc8fc\uc138\uc694.\",\"isPartOf\":{\"@id\":\"https:\\\/\\\/pergolese.de\\\/#website\"},\"datePublished\":\"2020-06-04T05:23:55+00:00\",\"dateModified\":\"2025-01-06T08:44:12+00:00\",\"description\":\"\\\"\uae30\ub984\uc758 \uace0\ud5a5\\\"\uc73c\ub85c \uac00\ub294 \uae38. \uc5ec\ub7ec\ubd84\uc758 \uc758\uacac\uc744 \uae30\ub2e4\ub9ac\uaca0\uc2b5\ub2c8\ub2e4! \uc8fc\ubb38, \ucd94\uac00 \uac1c\ubc1c, \ud310\ub9e4 \ubaa8\ub450 \uac00\ub2a5\ud569\ub2c8\ub2e4.\",\"breadcrumb\":{\"@id\":\"https:\\\/\\\/pergolese.de\\\/ko\\\/%eb%ac%b8%ec%9d%98%ed%95%98%ea%b8%b0\\\/#breadcrumb\"},\"inLanguage\":\"ko-KR\",\"potentialAction\":[{\"@type\":\"ReadAction\",\"target\":[\"https:\\\/\\\/pergolese.de\\\/ko\\\/%eb%ac%b8%ec%9d%98%ed%95%98%ea%b8%b0\\\/\"]}]},{\"@type\":\"BreadcrumbList\",\"@id\":\"https:\\\/\\\/pergolese.de\\\/ko\\\/%eb%ac%b8%ec%9d%98%ed%95%98%ea%b8%b0\\\/#breadcrumb\",\"itemListElement\":[{\"@type\":\"ListItem\",\"position\":1,\"name\":\"Startseite\",\"item\":\"https:\\\/\\\/pergolese.de\\\/ko\\\/%ed%99%88-%eb%b2%84%ec%a7%84-%ec%98%ac%eb%a6%ac%eb%b8%8c-%ec%98%a4%ec%9d%bc\\\/\"},{\"@type\":\"ListItem\",\"position\":2,\"name\":\"\ubb38\uc758\ud558\uae30\"}]},{\"@type\":\"WebSite\",\"@id\":\"https:\\\/\\\/pergolese.de\\\/#website\",\"url\":\"https:\\\/\\\/pergolese.de\\\/\",\"name\":\"PERGOLESE | Oliven\u00f6l\",\"description\":\"Italienisches Oliven\u00f6l in der Designerflasche\",\"publisher\":{\"@id\":\"https:\\\/\\\/pergolese.de\\\/#organization\"},\"potentialAction\":[{\"@type\":\"SearchAction\",\"target\":{\"@type\":\"EntryPoint\",\"urlTemplate\":\"https:\\\/\\\/pergolese.de\\\/?s={search_term_string}\"},\"query-input\":{\"@type\":\"PropertyValueSpecification\",\"valueRequired\":true,\"valueName\":\"search_term_string\"}}],\"inLanguage\":\"ko-KR\"},{\"@type\":\"Organization\",\"@id\":\"https:\\\/\\\/pergolese.de\\\/#organization\",\"name\":\"PERGOLESE | Oliven\u00f6l\",\"url\":\"https:\\\/\\\/pergolese.de\\\/\",\"logo\":{\"@type\":\"ImageObject\",\"inLanguage\":\"ko-KR\",\"@id\":\"https:\\\/\\\/pergolese.de\\\/#\\\/schema\\\/logo\\\/image\\\/\",\"url\":\"https:\\\/\\\/pergolese.de\\\/wp-content\\\/uploads\\\/2020\\\/07\\\/pergolese-logo.png\",\"contentUrl\":\"https:\\\/\\\/pergolese.de\\\/wp-content\\\/uploads\\\/2020\\\/07\\\/pergolese-logo.png\",\"width\":244,\"height\":316,\"caption\":\"PERGOLESE | Oliven\u00f6l\"},\"image\":{\"@id\":\"https:\\\/\\\/pergolese.de\\\/#\\\/schema\\\/logo\\\/image\\\/\"}}]}<\/script>\n<!-- \/ Yoast SEO plugin. -->","yoast_head_json":{"title":"\ucd5c\uace0\uc758 \uc62c\ub9ac\ube0c \uc624\uc77c\uc744 \ub9cc\ub098\ubcf4\uc138\uc694. \uc5b8\uc81c\ub4e0\uc9c0 \ubb38\uc758\ud574 \uc8fc\uc138\uc694.","description":"\"\uae30\ub984\uc758 \uace0\ud5a5\"\uc73c\ub85c \uac00\ub294 \uae38. \uc5ec\ub7ec\ubd84\uc758 \uc758\uacac\uc744 \uae30\ub2e4\ub9ac\uaca0\uc2b5\ub2c8\ub2e4! \uc8fc\ubb38, \ucd94\uac00 \uac1c\ubc1c, \ud310\ub9e4 \ubaa8\ub450 \uac00\ub2a5\ud569\ub2c8\ub2e4.","robots":{"index":"index","follow":"follow","max-snippet":"max-snippet:-1","max-image-preview":"max-image-preview:large","max-video-preview":"max-video-preview:-1"},"canonical":"https:\/\/pergolese.de\/ko\/\ubb38\uc758\ud558\uae30\/","og_locale":"ko_KR","og_type":"article","og_title":"\ucd5c\uace0\uc758 \uc62c\ub9ac\ube0c \uc624\uc77c\uc744 \ub9cc\ub098\ubcf4\uc138\uc694. \uc5b8\uc81c\ub4e0\uc9c0 \ubb38\uc758\ud574 \uc8fc\uc138\uc694.","og_description":"\"\uae30\ub984\uc758 \uace0\ud5a5\"\uc73c\ub85c \uac00\ub294 \uae38. \uc5ec\ub7ec\ubd84\uc758 \uc758\uacac\uc744 \uae30\ub2e4\ub9ac\uaca0\uc2b5\ub2c8\ub2e4! \uc8fc\ubb38, \ucd94\uac00 \uac1c\ubc1c, \ud310\ub9e4 \ubaa8\ub450 \uac00\ub2a5\ud569\ub2c8\ub2e4.","og_url":"https:\/\/pergolese.de\/ko\/\ubb38\uc758\ud558\uae30\/","og_site_name":"PERGOLESE | Oliven\u00f6l","article_modified_time":"2025-01-06T08:44:12+00:00","twitter_card":"summary_large_image","schema":{"@context":"https:\/\/schema.org","@graph":[{"@type":"WebPage","@id":"https:\/\/pergolese.de\/ko\/%eb%ac%b8%ec%9d%98%ed%95%98%ea%b8%b0\/","url":"https:\/\/pergolese.de\/ko\/%eb%ac%b8%ec%9d%98%ed%95%98%ea%b8%b0\/","name":"\ucd5c\uace0\uc758 \uc62c\ub9ac\ube0c \uc624\uc77c\uc744 \ub9cc\ub098\ubcf4\uc138\uc694. \uc5b8\uc81c\ub4e0\uc9c0 \ubb38\uc758\ud574 \uc8fc\uc138\uc694.","isPartOf":{"@id":"https:\/\/pergolese.de\/#website"},"datePublished":"2020-06-04T05:23:55+00:00","dateModified":"2025-01-06T08:44:12+00:00","description":"\"\uae30\ub984\uc758 \uace0\ud5a5\"\uc73c\ub85c \uac00\ub294 \uae38. \uc5ec\ub7ec\ubd84\uc758 \uc758\uacac\uc744 \uae30\ub2e4\ub9ac\uaca0\uc2b5\ub2c8\ub2e4! \uc8fc\ubb38, \ucd94\uac00 \uac1c\ubc1c, \ud310\ub9e4 \ubaa8\ub450 \uac00\ub2a5\ud569\ub2c8\ub2e4.","breadcrumb":{"@id":"https:\/\/pergolese.de\/ko\/%eb%ac%b8%ec%9d%98%ed%95%98%ea%b8%b0\/#breadcrumb"},"inLanguage":"ko-KR","potentialAction":[{"@type":"ReadAction","target":["https:\/\/pergolese.de\/ko\/%eb%ac%b8%ec%9d%98%ed%95%98%ea%b8%b0\/"]}]},{"@type":"BreadcrumbList","@id":"https:\/\/pergolese.de\/ko\/%eb%ac%b8%ec%9d%98%ed%95%98%ea%b8%b0\/#breadcrumb","itemListElement":[{"@type":"ListItem","position":1,"name":"Startseite","item":"https:\/\/pergolese.de\/ko\/%ed%99%88-%eb%b2%84%ec%a7%84-%ec%98%ac%eb%a6%ac%eb%b8%8c-%ec%98%a4%ec%9d%bc\/"},{"@type":"ListItem","position":2,"name":"\ubb38\uc758\ud558\uae30"}]},{"@type":"WebSite","@id":"https:\/\/pergolese.de\/#website","url":"https:\/\/pergolese.de\/","name":"PERGOLESE | Oliven\u00f6l","description":"Italienisches Oliven\u00f6l in der Designerflasche","publisher":{"@id":"https:\/\/pergolese.de\/#organization"},"potentialAction":[{"@type":"SearchAction","target":{"@type":"EntryPoint","urlTemplate":"https:\/\/pergolese.de\/?s={search_term_string}"},"query-input":{"@type":"PropertyValueSpecification","valueRequired":true,"valueName":"search_term_string"}}],"inLanguage":"ko-KR"},{"@type":"Organization","@id":"https:\/\/pergolese.de\/#organization","name":"PERGOLESE | Oliven\u00f6l","url":"https:\/\/pergolese.de\/","logo":{"@type":"ImageObject","inLanguage":"ko-KR","@id":"https:\/\/pergolese.de\/#\/schema\/logo\/image\/","url":"https:\/\/pergolese.de\/wp-content\/uploads\/2020\/07\/pergolese-logo.png","contentUrl":"https:\/\/pergolese.de\/wp-content\/uploads\/2020\/07\/pergolese-logo.png","width":244,"height":316,"caption":"PERGOLESE | Oliven\u00f6l"},"image":{"@id":"https:\/\/pergolese.de\/#\/schema\/logo\/image\/"}}]}},"_links":{"self":[{"href":"https:\/\/pergolese.de\/ko\/wp-json\/wp\/v2\/pages\/949","targetHints":{"allow":["GET"]}}],"collection":[{"href":"https:\/\/pergolese.de\/ko\/wp-json\/wp\/v2\/pages"}],"about":[{"href":"https:\/\/pergolese.de\/ko\/wp-json\/wp\/v2\/types\/page"}],"author":[{"embeddable":true,"href":"https:\/\/pergolese.de\/ko\/wp-json\/wp\/v2\/users\/1"}],"replies":[{"embeddable":true,"href":"https:\/\/pergolese.de\/ko\/wp-json\/wp\/v2\/comments?post=949"}],"version-history":[{"count":2,"href":"https:\/\/pergolese.de\/ko\/wp-json\/wp\/v2\/pages\/949\/revisions"}],"predecessor-version":[{"id":1127,"href":"https:\/\/pergolese.de\/ko\/wp-json\/wp\/v2\/pages\/949\/revisions\/1127"}],"wp:attachment":[{"href":"https:\/\/pergolese.de\/ko\/wp-json\/wp\/v2\/media?parent=949"}],"curies":[{"name":"wp","href":"https:\/\/api.w.org\/{rel}","templated":true}]}}