{"id":1005,"date":"2020-07-04T12:55:18","date_gmt":"2020-07-04T10:55:18","guid":{"rendered":"https:\/\/pergolese.de\/%ec%9d%b4%ed%83%88%eb%a6%ac%ec%95%84%ec%82%b0-%ec%98%ac%eb%a6%ac%eb%b8%8c-%ec%98%a4%ec%9d%bc\/"},"modified":"2024-08-30T13:05:24","modified_gmt":"2024-08-30T11:05:24","slug":"%ec%9d%b4%ed%83%88%eb%a6%ac%ec%95%84%ec%82%b0-%ec%98%ac%eb%a6%ac%eb%b8%8c-%ec%98%a4%ec%9d%bc","status":"publish","type":"page","link":"https:\/\/pergolese.de\/ko\/%ec%9d%b4%ed%83%88%eb%a6%ac%ec%95%84%ec%82%b0-%ec%98%ac%eb%a6%ac%eb%b8%8c-%ec%98%a4%ec%9d%bc\/","title":{"rendered":"\uc774\ud0c8\ub9ac\uc544\uc0b0 \uc62c\ub9ac\ube0c \uc624\uc77c"},"content":{"rendered":"\n<p><\/p>\n\n<p><br\/><br\/><br\/><br\/>10 2 \uc81c\ud488 \uc81c\ubaa9 ASC<br\/><br\/><\/p><h3>Simply the best. <\/h3>&#13;<br\/><h4>Italienisches Oliven\u00f6l ist bisweilen unerreicht. <\/h4><br\/>no-repeat;left top;;<br\/>auto<br\/><br\/><h1>ITALIENISCHES OLIVEN\u00d6L<\/h1><br\/>no-repeat;left top;;<br\/>auto<br\/><br\/><img decoding=\"async\" src=\"\/wp-content\/uploads\/2020\/08\/italienisches-olivenoel-pergolese-goil.jpg\" alt=\"\"\/><br\/><br\/><img decoding=\"async\" src=\"\/wp-content\/uploads\/2020\/08\/italienisches-olivenoel-pergolese-flaschen.jpg\" alt=\"\"\/><br\/><br\/><h3>Unsere Flaschen sind Rudeltiere.<\/h3><br\/>no-repeat;left top;;<br\/>auto<br\/><br\/>ORDER NOW<br\/><a href=\"\/produkt\/olivenoel-flasche\/\">\/produkt\/olivenoel-flasche\/<\/a><br\/>left<br\/>#000000<br\/>2<br\/><br\/><img decoding=\"async\" src=\"\/wp-content\/uploads\/2020\/08\/Natives-Olivenoel-pergolese-baum.png\" alt=\"\"\/><br\/>center<br\/>no-mobile-display<br\/><br\/><h2>ITALIAN ART.<\/h2>&#13;<br\/>&#13;<br\/>Italienisches Oliven\u00f6l ist bisweilen unerreicht. Okay, okay. Die Griechen haben da auch ein W\u00f6rtchen mitzureden, geben wir ja gerne zu. Aber als <a href=\"https:\/\/www.instagram.com\/pergoleseoil\/\">PERGOLESE<\/a> m\u00fcssen wir nat\u00fcrlich klar zu italienischem Oliven\u00f6l halten.&#13;<br\/>&#13;<br\/>Italiener sollen also die Meister sein? Aber warum? Was ist an der Region n\u00f6rdlich des Gardasees so besonders? Eine gute Frage! Denn sie l\u00e4sst sich kurz und einfach beantworten. Das milde, (sub-) mediterrane Klima sorgt f\u00fcr die optimalen Voraussetzungen, Olivenb\u00e4ume in voller Pracht wachsen lassen zu k\u00f6nnen.<br\/>left<br\/>no-repeat;left top;;<br\/>auto<br\/><br\/><h3>100% GUTES OLIVEN\u00d6L<\/h3>&#13;<br\/>&#13;<br\/>Viele Oliven\u00f6le bezeichnen sich als reines italienisches Oliven\u00f6l, sind aber gar keines. Wom\u00f6glich stammen die Oliven aus Italien, jedoch werden die \u00d6le aus Kostengr\u00fcnden in anderen L\u00e4ndern hergestellt. Das ist okay. Aber das Original schmeckt eben anders.&#13;<br\/>&#13;<br\/>Wir zum Beispiel pfl\u00fccken alle Oliven per Hand. Mega anstrengend. Aber dadurch haben wir direkt eine optimale Auslese und nur die besten schaffen es in die M\u00fchle. Und das schnellstm\u00f6glich nach der Ernte. Alles soll so frisch wie m\u00f6glich sein. &#13;<br\/>&#13;<br\/>Aber wir machen 100% italienisches Oliven\u00f6l. Daf\u00fcr brennen wir nun mal. Und da wir das Resultat kennen, wissen wir, dass sich die Arbeit auch lohnt. Immer frisch, immer lecker, immer italienisch. Unser <a href=\"https:\/\/www.facebook.com\/pergolese.oil\">PERGOLESE<\/a> Oliven\u00f6l Extra. &#13;<br\/>&#13;<br\/>\u00dcberzeugt euch selbst!&#13;<br\/>Ob eine <a href=\"\/produkt\/olivenoel-flasche\/\">500ml Flasche<\/a> oder gleich eine<a href=\"\/produkt\/olivenoel-kiste\/\"> \u201eFlaschen-Crew\u201c mit 6 Flaschen.<\/a><br\/>left<br\/>no-repeat;left top;;<br\/>auto<br\/><br\/>ORDER NOW<br\/><a href=\"\/produkt\/olivenoel-flasche\/\">\/produkt\/olivenoel-flasche\/<\/a><br\/>left<br\/>#000000<br\/>2<br\/><br\/>\n","protected":false},"excerpt":{"rendered":"<p>10 2 \uc81c\ud488 \uc81c\ubaa9 ASC Simply the best. &#13; Italienisches Oliven\u00f6l ist bisweilen unerreicht. no-repeat;left top;;auto ITALIENISCHES OLIVEN\u00d6L no-repeat;left top;;auto Unsere Flaschen sind Rudeltiere. no-repeat;left top;;auto<span class=\"excerpt-hellip\"> [\u2026]<\/span><\/p>\n","protected":false},"author":1,"featured_media":0,"parent":0,"menu_order":0,"comment_status":"closed","ping_status":"closed","template":"","meta":{"footnotes":""},"class_list":["post-1005","page","type-page","status-publish","hentry"],"yoast_head":"<!-- This site is optimized with the Yoast SEO plugin v27.3 - https:\/\/yoast.com\/product\/yoast-seo-wordpress\/ -->\n<title>\uc774\ud0c8\ub9ac\uc544 \uc62c\ub9ac\ube0c \uc624\uc77c - \uce5c\uad6c\ub97c \uc704\ud55c \uc120\ubb3c\uc6a9 \ub514\uc790\uc774\ub108 \ubcf4\ud2c0<\/title>\n<meta name=\"description\" content=\"\uc774\ud0c8\ub9ac\uc544\uc0b0 \uc62c\ub9ac\ube0c \uc624\uc77c\uc740 \uc138\uacc4\uc5d0\uc11c \uac00\uc7a5 \uc778\uae30 \uc788\ub294 \uc62c\ub9ac\ube0c \uc624\uc77c\uc785\ub2c8\ub2e4. \uc774\ud0c8\ub9ac\uc544\ub294 \uace0\ud488\uc9c8\uc758 \uc815\uc131\uc2a4\ub7fd\uac8c \uc900\ube44\ub41c \uc694\ub9ac\uc758 \ub300\uba85\uc0ac\uc785\ub2c8\ub2e4.\" \/>\n<meta name=\"robots\" content=\"index, follow, max-snippet:-1, max-image-preview:large, max-video-preview:-1\" \/>\n<link rel=\"canonical\" href=\"https:\/\/pergolese.de\/ko\/\uc774\ud0c8\ub9ac\uc544\uc0b0-\uc62c\ub9ac\ube0c-\uc624\uc77c\/\" \/>\n<meta property=\"og:locale\" content=\"ko_KR\" \/>\n<meta property=\"og:type\" content=\"article\" \/>\n<meta property=\"og:title\" content=\"\uc774\ud0c8\ub9ac\uc544 \uc62c\ub9ac\ube0c \uc624\uc77c - \uce5c\uad6c\ub97c \uc704\ud55c \uc120\ubb3c\uc6a9 \ub514\uc790\uc774\ub108 \ubcf4\ud2c0\" \/>\n<meta property=\"og:description\" content=\"\uc774\ud0c8\ub9ac\uc544\uc0b0 \uc62c\ub9ac\ube0c \uc624\uc77c\uc740 \uc138\uacc4\uc5d0\uc11c \uac00\uc7a5 \uc778\uae30 \uc788\ub294 \uc62c\ub9ac\ube0c \uc624\uc77c\uc785\ub2c8\ub2e4. \uc774\ud0c8\ub9ac\uc544\ub294 \uace0\ud488\uc9c8\uc758 \uc815\uc131\uc2a4\ub7fd\uac8c \uc900\ube44\ub41c \uc694\ub9ac\uc758 \ub300\uba85\uc0ac\uc785\ub2c8\ub2e4.\" \/>\n<meta property=\"og:url\" content=\"https:\/\/pergolese.de\/ko\/\uc774\ud0c8\ub9ac\uc544\uc0b0-\uc62c\ub9ac\ube0c-\uc624\uc77c\/\" \/>\n<meta property=\"og:site_name\" content=\"PERGOLESE | Oliven\u00f6l\" \/>\n<meta property=\"article:modified_time\" content=\"2024-08-30T11:05:24+00:00\" \/>\n<meta name=\"twitter:card\" content=\"summary_large_image\" \/>\n<meta name=\"twitter:label1\" content=\"\uc608\uc0c1 \ub418\ub294 \ud310\ub3c5 \uc2dc\uac04\" \/>\n\t<meta name=\"twitter:data1\" content=\"1\ubd84\" \/>\n<script type=\"application\/ld+json\" class=\"yoast-schema-graph\">{\"@context\":\"https:\\\/\\\/schema.org\",\"@graph\":[{\"@type\":\"WebPage\",\"@id\":\"https:\\\/\\\/pergolese.de\\\/ko\\\/%ec%9d%b4%ed%83%88%eb%a6%ac%ec%95%84%ec%82%b0-%ec%98%ac%eb%a6%ac%eb%b8%8c-%ec%98%a4%ec%9d%bc\\\/\",\"url\":\"https:\\\/\\\/pergolese.de\\\/ko\\\/%ec%9d%b4%ed%83%88%eb%a6%ac%ec%95%84%ec%82%b0-%ec%98%ac%eb%a6%ac%eb%b8%8c-%ec%98%a4%ec%9d%bc\\\/\",\"name\":\"\uc774\ud0c8\ub9ac\uc544 \uc62c\ub9ac\ube0c \uc624\uc77c - \uce5c\uad6c\ub97c \uc704\ud55c \uc120\ubb3c\uc6a9 \ub514\uc790\uc774\ub108 \ubcf4\ud2c0\",\"isPartOf\":{\"@id\":\"https:\\\/\\\/pergolese.de\\\/#website\"},\"datePublished\":\"2020-07-04T10:55:18+00:00\",\"dateModified\":\"2024-08-30T11:05:24+00:00\",\"description\":\"\uc774\ud0c8\ub9ac\uc544\uc0b0 \uc62c\ub9ac\ube0c \uc624\uc77c\uc740 \uc138\uacc4\uc5d0\uc11c \uac00\uc7a5 \uc778\uae30 \uc788\ub294 \uc62c\ub9ac\ube0c \uc624\uc77c\uc785\ub2c8\ub2e4. \uc774\ud0c8\ub9ac\uc544\ub294 \uace0\ud488\uc9c8\uc758 \uc815\uc131\uc2a4\ub7fd\uac8c \uc900\ube44\ub41c \uc694\ub9ac\uc758 \ub300\uba85\uc0ac\uc785\ub2c8\ub2e4.\",\"breadcrumb\":{\"@id\":\"https:\\\/\\\/pergolese.de\\\/ko\\\/%ec%9d%b4%ed%83%88%eb%a6%ac%ec%95%84%ec%82%b0-%ec%98%ac%eb%a6%ac%eb%b8%8c-%ec%98%a4%ec%9d%bc\\\/#breadcrumb\"},\"inLanguage\":\"ko-KR\",\"potentialAction\":[{\"@type\":\"ReadAction\",\"target\":[\"https:\\\/\\\/pergolese.de\\\/ko\\\/%ec%9d%b4%ed%83%88%eb%a6%ac%ec%95%84%ec%82%b0-%ec%98%ac%eb%a6%ac%eb%b8%8c-%ec%98%a4%ec%9d%bc\\\/\"]}]},{\"@type\":\"BreadcrumbList\",\"@id\":\"https:\\\/\\\/pergolese.de\\\/ko\\\/%ec%9d%b4%ed%83%88%eb%a6%ac%ec%95%84%ec%82%b0-%ec%98%ac%eb%a6%ac%eb%b8%8c-%ec%98%a4%ec%9d%bc\\\/#breadcrumb\",\"itemListElement\":[{\"@type\":\"ListItem\",\"position\":1,\"name\":\"Startseite\",\"item\":\"https:\\\/\\\/pergolese.de\\\/ko\\\/%ed%99%88-%eb%b2%84%ec%a7%84-%ec%98%ac%eb%a6%ac%eb%b8%8c-%ec%98%a4%ec%9d%bc\\\/\"},{\"@type\":\"ListItem\",\"position\":2,\"name\":\"\uc774\ud0c8\ub9ac\uc544\uc0b0 \uc62c\ub9ac\ube0c \uc624\uc77c\"}]},{\"@type\":\"WebSite\",\"@id\":\"https:\\\/\\\/pergolese.de\\\/#website\",\"url\":\"https:\\\/\\\/pergolese.de\\\/\",\"name\":\"PERGOLESE | Oliven\u00f6l\",\"description\":\"Italienisches Oliven\u00f6l in der Designerflasche\",\"publisher\":{\"@id\":\"https:\\\/\\\/pergolese.de\\\/#organization\"},\"potentialAction\":[{\"@type\":\"SearchAction\",\"target\":{\"@type\":\"EntryPoint\",\"urlTemplate\":\"https:\\\/\\\/pergolese.de\\\/?s={search_term_string}\"},\"query-input\":{\"@type\":\"PropertyValueSpecification\",\"valueRequired\":true,\"valueName\":\"search_term_string\"}}],\"inLanguage\":\"ko-KR\"},{\"@type\":\"Organization\",\"@id\":\"https:\\\/\\\/pergolese.de\\\/#organization\",\"name\":\"PERGOLESE | Oliven\u00f6l\",\"url\":\"https:\\\/\\\/pergolese.de\\\/\",\"logo\":{\"@type\":\"ImageObject\",\"inLanguage\":\"ko-KR\",\"@id\":\"https:\\\/\\\/pergolese.de\\\/#\\\/schema\\\/logo\\\/image\\\/\",\"url\":\"https:\\\/\\\/pergolese.de\\\/wp-content\\\/uploads\\\/2020\\\/07\\\/pergolese-logo.png\",\"contentUrl\":\"https:\\\/\\\/pergolese.de\\\/wp-content\\\/uploads\\\/2020\\\/07\\\/pergolese-logo.png\",\"width\":244,\"height\":316,\"caption\":\"PERGOLESE | Oliven\u00f6l\"},\"image\":{\"@id\":\"https:\\\/\\\/pergolese.de\\\/#\\\/schema\\\/logo\\\/image\\\/\"}}]}<\/script>\n<!-- \/ Yoast SEO plugin. -->","yoast_head_json":{"title":"\uc774\ud0c8\ub9ac\uc544 \uc62c\ub9ac\ube0c \uc624\uc77c - \uce5c\uad6c\ub97c \uc704\ud55c \uc120\ubb3c\uc6a9 \ub514\uc790\uc774\ub108 \ubcf4\ud2c0","description":"\uc774\ud0c8\ub9ac\uc544\uc0b0 \uc62c\ub9ac\ube0c \uc624\uc77c\uc740 \uc138\uacc4\uc5d0\uc11c \uac00\uc7a5 \uc778\uae30 \uc788\ub294 \uc62c\ub9ac\ube0c \uc624\uc77c\uc785\ub2c8\ub2e4. \uc774\ud0c8\ub9ac\uc544\ub294 \uace0\ud488\uc9c8\uc758 \uc815\uc131\uc2a4\ub7fd\uac8c \uc900\ube44\ub41c \uc694\ub9ac\uc758 \ub300\uba85\uc0ac\uc785\ub2c8\ub2e4.","robots":{"index":"index","follow":"follow","max-snippet":"max-snippet:-1","max-image-preview":"max-image-preview:large","max-video-preview":"max-video-preview:-1"},"canonical":"https:\/\/pergolese.de\/ko\/\uc774\ud0c8\ub9ac\uc544\uc0b0-\uc62c\ub9ac\ube0c-\uc624\uc77c\/","og_locale":"ko_KR","og_type":"article","og_title":"\uc774\ud0c8\ub9ac\uc544 \uc62c\ub9ac\ube0c \uc624\uc77c - \uce5c\uad6c\ub97c \uc704\ud55c \uc120\ubb3c\uc6a9 \ub514\uc790\uc774\ub108 \ubcf4\ud2c0","og_description":"\uc774\ud0c8\ub9ac\uc544\uc0b0 \uc62c\ub9ac\ube0c \uc624\uc77c\uc740 \uc138\uacc4\uc5d0\uc11c \uac00\uc7a5 \uc778\uae30 \uc788\ub294 \uc62c\ub9ac\ube0c \uc624\uc77c\uc785\ub2c8\ub2e4. \uc774\ud0c8\ub9ac\uc544\ub294 \uace0\ud488\uc9c8\uc758 \uc815\uc131\uc2a4\ub7fd\uac8c \uc900\ube44\ub41c \uc694\ub9ac\uc758 \ub300\uba85\uc0ac\uc785\ub2c8\ub2e4.","og_url":"https:\/\/pergolese.de\/ko\/\uc774\ud0c8\ub9ac\uc544\uc0b0-\uc62c\ub9ac\ube0c-\uc624\uc77c\/","og_site_name":"PERGOLESE | Oliven\u00f6l","article_modified_time":"2024-08-30T11:05:24+00:00","twitter_card":"summary_large_image","twitter_misc":{"\uc608\uc0c1 \ub418\ub294 \ud310\ub3c5 \uc2dc\uac04":"1\ubd84"},"schema":{"@context":"https:\/\/schema.org","@graph":[{"@type":"WebPage","@id":"https:\/\/pergolese.de\/ko\/%ec%9d%b4%ed%83%88%eb%a6%ac%ec%95%84%ec%82%b0-%ec%98%ac%eb%a6%ac%eb%b8%8c-%ec%98%a4%ec%9d%bc\/","url":"https:\/\/pergolese.de\/ko\/%ec%9d%b4%ed%83%88%eb%a6%ac%ec%95%84%ec%82%b0-%ec%98%ac%eb%a6%ac%eb%b8%8c-%ec%98%a4%ec%9d%bc\/","name":"\uc774\ud0c8\ub9ac\uc544 \uc62c\ub9ac\ube0c \uc624\uc77c - \uce5c\uad6c\ub97c \uc704\ud55c \uc120\ubb3c\uc6a9 \ub514\uc790\uc774\ub108 \ubcf4\ud2c0","isPartOf":{"@id":"https:\/\/pergolese.de\/#website"},"datePublished":"2020-07-04T10:55:18+00:00","dateModified":"2024-08-30T11:05:24+00:00","description":"\uc774\ud0c8\ub9ac\uc544\uc0b0 \uc62c\ub9ac\ube0c \uc624\uc77c\uc740 \uc138\uacc4\uc5d0\uc11c \uac00\uc7a5 \uc778\uae30 \uc788\ub294 \uc62c\ub9ac\ube0c \uc624\uc77c\uc785\ub2c8\ub2e4. \uc774\ud0c8\ub9ac\uc544\ub294 \uace0\ud488\uc9c8\uc758 \uc815\uc131\uc2a4\ub7fd\uac8c \uc900\ube44\ub41c \uc694\ub9ac\uc758 \ub300\uba85\uc0ac\uc785\ub2c8\ub2e4.","breadcrumb":{"@id":"https:\/\/pergolese.de\/ko\/%ec%9d%b4%ed%83%88%eb%a6%ac%ec%95%84%ec%82%b0-%ec%98%ac%eb%a6%ac%eb%b8%8c-%ec%98%a4%ec%9d%bc\/#breadcrumb"},"inLanguage":"ko-KR","potentialAction":[{"@type":"ReadAction","target":["https:\/\/pergolese.de\/ko\/%ec%9d%b4%ed%83%88%eb%a6%ac%ec%95%84%ec%82%b0-%ec%98%ac%eb%a6%ac%eb%b8%8c-%ec%98%a4%ec%9d%bc\/"]}]},{"@type":"BreadcrumbList","@id":"https:\/\/pergolese.de\/ko\/%ec%9d%b4%ed%83%88%eb%a6%ac%ec%95%84%ec%82%b0-%ec%98%ac%eb%a6%ac%eb%b8%8c-%ec%98%a4%ec%9d%bc\/#breadcrumb","itemListElement":[{"@type":"ListItem","position":1,"name":"Startseite","item":"https:\/\/pergolese.de\/ko\/%ed%99%88-%eb%b2%84%ec%a7%84-%ec%98%ac%eb%a6%ac%eb%b8%8c-%ec%98%a4%ec%9d%bc\/"},{"@type":"ListItem","position":2,"name":"\uc774\ud0c8\ub9ac\uc544\uc0b0 \uc62c\ub9ac\ube0c \uc624\uc77c"}]},{"@type":"WebSite","@id":"https:\/\/pergolese.de\/#website","url":"https:\/\/pergolese.de\/","name":"PERGOLESE | Oliven\u00f6l","description":"Italienisches Oliven\u00f6l in der Designerflasche","publisher":{"@id":"https:\/\/pergolese.de\/#organization"},"potentialAction":[{"@type":"SearchAction","target":{"@type":"EntryPoint","urlTemplate":"https:\/\/pergolese.de\/?s={search_term_string}"},"query-input":{"@type":"PropertyValueSpecification","valueRequired":true,"valueName":"search_term_string"}}],"inLanguage":"ko-KR"},{"@type":"Organization","@id":"https:\/\/pergolese.de\/#organization","name":"PERGOLESE | Oliven\u00f6l","url":"https:\/\/pergolese.de\/","logo":{"@type":"ImageObject","inLanguage":"ko-KR","@id":"https:\/\/pergolese.de\/#\/schema\/logo\/image\/","url":"https:\/\/pergolese.de\/wp-content\/uploads\/2020\/07\/pergolese-logo.png","contentUrl":"https:\/\/pergolese.de\/wp-content\/uploads\/2020\/07\/pergolese-logo.png","width":244,"height":316,"caption":"PERGOLESE | Oliven\u00f6l"},"image":{"@id":"https:\/\/pergolese.de\/#\/schema\/logo\/image\/"}}]}},"_links":{"self":[{"href":"https:\/\/pergolese.de\/ko\/wp-json\/wp\/v2\/pages\/1005","targetHints":{"allow":["GET"]}}],"collection":[{"href":"https:\/\/pergolese.de\/ko\/wp-json\/wp\/v2\/pages"}],"about":[{"href":"https:\/\/pergolese.de\/ko\/wp-json\/wp\/v2\/types\/page"}],"author":[{"embeddable":true,"href":"https:\/\/pergolese.de\/ko\/wp-json\/wp\/v2\/users\/1"}],"replies":[{"embeddable":true,"href":"https:\/\/pergolese.de\/ko\/wp-json\/wp\/v2\/comments?post=1005"}],"version-history":[{"count":1,"href":"https:\/\/pergolese.de\/ko\/wp-json\/wp\/v2\/pages\/1005\/revisions"}],"predecessor-version":[{"id":1007,"href":"https:\/\/pergolese.de\/ko\/wp-json\/wp\/v2\/pages\/1005\/revisions\/1007"}],"wp:attachment":[{"href":"https:\/\/pergolese.de\/ko\/wp-json\/wp\/v2\/media?parent=1005"}],"curies":[{"name":"wp","href":"https:\/\/api.w.org\/{rel}","templated":true}]}}