{"id":946,"date":"2020-06-04T07:23:55","date_gmt":"2020-06-04T05:23:55","guid":{"rendered":"https:\/\/pergolese.de\/contact-us\/"},"modified":"2025-01-06T09:44:12","modified_gmt":"2025-01-06T08:44:12","slug":"contact-us","status":"publish","type":"page","link":"https:\/\/pergolese.de\/en\/contact-us\/","title":{"rendered":"Contact us"},"content":{"rendered":"\n<p><\/p>\n\n\n\n<p><h1>OIL YOU NEED&#8230;<\/h1>\r<br><h4>WIR FREUEN UNS AUF DICH!<\/h4><br>no-repeat;left top;;<br>auto<br><br>Home of Oil<br>h4<br>PERGOLESE\u00ae\r<br>Gie\u00dfenbachstra\u00dfe 2\r<br>83022 Rosenheim\r<br>Germany<br>icon-location<br>left<br><br>Oil-Hotline<br>h4<br><a href=\"tel:+49 8031 408168-0\">+49 8031 408168-0\r<br><\/a><br>icon-phone<br>left<br><br>Oil-Post<br>h4<br><a href=\"mailto:info@pergolese.de\">info@pergolese.de<\/a><br>icon-mail<br>left<br><br><h3>FRAGEN AN DAS PERGOLESE-TEAM?<\/h3><br>no-repeat;left top;;<br>auto<br>40px<br><br><p class=\"wpcf7-contact-form-not-found\"><strong>Error:<\/strong> Contact form not found.<\/p>\r<br>Ich habe die Datenschutzerkl\u00e4rung zur Kenntnis genommen.Hinweis: Du kannst Deine Einwilligung jederzeit f\u00fcr die Zukunft per Mail an info@pergolese.de widerrufen. Unsere Datenschutzerkl\u00e4rung findest Du <a href=\"\/datenschutzerklaerung\">hier<\/a>.<br>no-repeat;left top;;<br>auto<br>0 3% 0 0<br><br><\/p>\n","protected":false},"excerpt":{"rendered":"<p>OIL YOU NEED&#8230; WIR FREUEN UNS AUF DICH! no-repeat;left top;;auto Home of Oilh4PERGOLESE\u00ae Gie\u00dfenbachstra\u00dfe 2 83022 Rosenheim Germanyicon-locationleft Oil-Hotlineh4+49 8031 408168-0 icon-phoneleft Oil-Posth4info@pergolese.deicon-mailleft FRAGEN AN DAS<span class=\"excerpt-hellip\"> [\u2026]<\/span><\/p>\n","protected":false},"author":1,"featured_media":0,"parent":0,"menu_order":0,"comment_status":"closed","ping_status":"closed","template":"","meta":{"footnotes":""},"class_list":["post-946","page","type-page","status-publish","hentry"],"yoast_head":"<!-- This site is optimized with the Yoast SEO plugin v27.3 - https:\/\/yoast.com\/product\/yoast-seo-wordpress\/ -->\n<title>Your contact to the best olive oil. Please feel free to call us<\/title>\n<meta name=\"description\" content=\"Your way to the &quot;Home of Oil&quot;. We look forward to hearing from you! Whether ordering, further development or sales.\" \/>\n<meta name=\"robots\" content=\"index, follow, max-snippet:-1, max-image-preview:large, max-video-preview:-1\" \/>\n<link rel=\"canonical\" href=\"https:\/\/pergolese.de\/en\/contact-us\/\" \/>\n<meta property=\"og:locale\" content=\"en_US\" \/>\n<meta property=\"og:type\" content=\"article\" \/>\n<meta property=\"og:title\" content=\"Your contact to the best olive oil. Please feel free to call us\" \/>\n<meta property=\"og:description\" content=\"Your way to the &quot;Home of Oil&quot;. We look forward to hearing from you! Whether ordering, further development or sales.\" \/>\n<meta property=\"og:url\" content=\"https:\/\/pergolese.de\/en\/contact-us\/\" \/>\n<meta property=\"og:site_name\" content=\"PERGOLESE | Oliven\u00f6l\" \/>\n<meta property=\"article:modified_time\" content=\"2025-01-06T08:44:12+00:00\" \/>\n<meta name=\"twitter:card\" content=\"summary_large_image\" \/>\n<script type=\"application\/ld+json\" class=\"yoast-schema-graph\">{\"@context\":\"https:\\\/\\\/schema.org\",\"@graph\":[{\"@type\":\"WebPage\",\"@id\":\"https:\\\/\\\/pergolese.de\\\/en\\\/contact-us\\\/\",\"url\":\"https:\\\/\\\/pergolese.de\\\/en\\\/contact-us\\\/\",\"name\":\"Your contact to the best olive oil. Please feel free to call us\",\"isPartOf\":{\"@id\":\"https:\\\/\\\/pergolese.de\\\/#website\"},\"datePublished\":\"2020-06-04T05:23:55+00:00\",\"dateModified\":\"2025-01-06T08:44:12+00:00\",\"description\":\"Your way to the \\\"Home of Oil\\\". We look forward to hearing from you! Whether ordering, further development or sales.\",\"breadcrumb\":{\"@id\":\"https:\\\/\\\/pergolese.de\\\/en\\\/contact-us\\\/#breadcrumb\"},\"inLanguage\":\"en-US\",\"potentialAction\":[{\"@type\":\"ReadAction\",\"target\":[\"https:\\\/\\\/pergolese.de\\\/en\\\/contact-us\\\/\"]}]},{\"@type\":\"BreadcrumbList\",\"@id\":\"https:\\\/\\\/pergolese.de\\\/en\\\/contact-us\\\/#breadcrumb\",\"itemListElement\":[{\"@type\":\"ListItem\",\"position\":1,\"name\":\"Startseite\",\"item\":\"https:\\\/\\\/pergolese.de\\\/en\\\/home-virgin-olive-oil\\\/\"},{\"@type\":\"ListItem\",\"position\":2,\"name\":\"Contact us\"}]},{\"@type\":\"WebSite\",\"@id\":\"https:\\\/\\\/pergolese.de\\\/#website\",\"url\":\"https:\\\/\\\/pergolese.de\\\/\",\"name\":\"PERGOLESE | Oliven\u00f6l\",\"description\":\"Italienisches Oliven\u00f6l in der Designerflasche\",\"publisher\":{\"@id\":\"https:\\\/\\\/pergolese.de\\\/#organization\"},\"potentialAction\":[{\"@type\":\"SearchAction\",\"target\":{\"@type\":\"EntryPoint\",\"urlTemplate\":\"https:\\\/\\\/pergolese.de\\\/?s={search_term_string}\"},\"query-input\":{\"@type\":\"PropertyValueSpecification\",\"valueRequired\":true,\"valueName\":\"search_term_string\"}}],\"inLanguage\":\"en-US\"},{\"@type\":\"Organization\",\"@id\":\"https:\\\/\\\/pergolese.de\\\/#organization\",\"name\":\"PERGOLESE | Oliven\u00f6l\",\"url\":\"https:\\\/\\\/pergolese.de\\\/\",\"logo\":{\"@type\":\"ImageObject\",\"inLanguage\":\"en-US\",\"@id\":\"https:\\\/\\\/pergolese.de\\\/#\\\/schema\\\/logo\\\/image\\\/\",\"url\":\"https:\\\/\\\/pergolese.de\\\/wp-content\\\/uploads\\\/2020\\\/07\\\/pergolese-logo.png\",\"contentUrl\":\"https:\\\/\\\/pergolese.de\\\/wp-content\\\/uploads\\\/2020\\\/07\\\/pergolese-logo.png\",\"width\":244,\"height\":316,\"caption\":\"PERGOLESE | Oliven\u00f6l\"},\"image\":{\"@id\":\"https:\\\/\\\/pergolese.de\\\/#\\\/schema\\\/logo\\\/image\\\/\"}}]}<\/script>\n<!-- \/ Yoast SEO plugin. -->","yoast_head_json":{"title":"Your contact to the best olive oil. Please feel free to call us","description":"Your way to the \"Home of Oil\". We look forward to hearing from you! Whether ordering, further development or sales.","robots":{"index":"index","follow":"follow","max-snippet":"max-snippet:-1","max-image-preview":"max-image-preview:large","max-video-preview":"max-video-preview:-1"},"canonical":"https:\/\/pergolese.de\/en\/contact-us\/","og_locale":"en_US","og_type":"article","og_title":"Your contact to the best olive oil. Please feel free to call us","og_description":"Your way to the \"Home of Oil\". We look forward to hearing from you! Whether ordering, further development or sales.","og_url":"https:\/\/pergolese.de\/en\/contact-us\/","og_site_name":"PERGOLESE | Oliven\u00f6l","article_modified_time":"2025-01-06T08:44:12+00:00","twitter_card":"summary_large_image","schema":{"@context":"https:\/\/schema.org","@graph":[{"@type":"WebPage","@id":"https:\/\/pergolese.de\/en\/contact-us\/","url":"https:\/\/pergolese.de\/en\/contact-us\/","name":"Your contact to the best olive oil. Please feel free to call us","isPartOf":{"@id":"https:\/\/pergolese.de\/#website"},"datePublished":"2020-06-04T05:23:55+00:00","dateModified":"2025-01-06T08:44:12+00:00","description":"Your way to the \"Home of Oil\". We look forward to hearing from you! Whether ordering, further development or sales.","breadcrumb":{"@id":"https:\/\/pergolese.de\/en\/contact-us\/#breadcrumb"},"inLanguage":"en-US","potentialAction":[{"@type":"ReadAction","target":["https:\/\/pergolese.de\/en\/contact-us\/"]}]},{"@type":"BreadcrumbList","@id":"https:\/\/pergolese.de\/en\/contact-us\/#breadcrumb","itemListElement":[{"@type":"ListItem","position":1,"name":"Startseite","item":"https:\/\/pergolese.de\/en\/home-virgin-olive-oil\/"},{"@type":"ListItem","position":2,"name":"Contact us"}]},{"@type":"WebSite","@id":"https:\/\/pergolese.de\/#website","url":"https:\/\/pergolese.de\/","name":"PERGOLESE | Oliven\u00f6l","description":"Italienisches Oliven\u00f6l in der Designerflasche","publisher":{"@id":"https:\/\/pergolese.de\/#organization"},"potentialAction":[{"@type":"SearchAction","target":{"@type":"EntryPoint","urlTemplate":"https:\/\/pergolese.de\/?s={search_term_string}"},"query-input":{"@type":"PropertyValueSpecification","valueRequired":true,"valueName":"search_term_string"}}],"inLanguage":"en-US"},{"@type":"Organization","@id":"https:\/\/pergolese.de\/#organization","name":"PERGOLESE | Oliven\u00f6l","url":"https:\/\/pergolese.de\/","logo":{"@type":"ImageObject","inLanguage":"en-US","@id":"https:\/\/pergolese.de\/#\/schema\/logo\/image\/","url":"https:\/\/pergolese.de\/wp-content\/uploads\/2020\/07\/pergolese-logo.png","contentUrl":"https:\/\/pergolese.de\/wp-content\/uploads\/2020\/07\/pergolese-logo.png","width":244,"height":316,"caption":"PERGOLESE | Oliven\u00f6l"},"image":{"@id":"https:\/\/pergolese.de\/#\/schema\/logo\/image\/"}}]}},"_links":{"self":[{"href":"https:\/\/pergolese.de\/en\/wp-json\/wp\/v2\/pages\/946","targetHints":{"allow":["GET"]}}],"collection":[{"href":"https:\/\/pergolese.de\/en\/wp-json\/wp\/v2\/pages"}],"about":[{"href":"https:\/\/pergolese.de\/en\/wp-json\/wp\/v2\/types\/page"}],"author":[{"embeddable":true,"href":"https:\/\/pergolese.de\/en\/wp-json\/wp\/v2\/users\/1"}],"replies":[{"embeddable":true,"href":"https:\/\/pergolese.de\/en\/wp-json\/wp\/v2\/comments?post=946"}],"version-history":[{"count":2,"href":"https:\/\/pergolese.de\/en\/wp-json\/wp\/v2\/pages\/946\/revisions"}],"predecessor-version":[{"id":1128,"href":"https:\/\/pergolese.de\/en\/wp-json\/wp\/v2\/pages\/946\/revisions\/1128"}],"wp:attachment":[{"href":"https:\/\/pergolese.de\/en\/wp-json\/wp\/v2\/media?parent=946"}],"curies":[{"name":"wp","href":"https:\/\/api.w.org\/{rel}","templated":true}]}}